{"id":678,"date":"2020-04-03T13:16:36","date_gmt":"2020-04-03T11:16:36","guid":{"rendered":"http:\/\/www.corpusfabrique.fr\/?page_id=678"},"modified":"2020-04-29T20:23:37","modified_gmt":"2020-04-29T18:23:37","slug":"z","status":"publish","type":"page","link":"https:\/\/www.corpusfabrique.fr\/index.php\/z\/","title":{"rendered":"FICHES ACTIVITES A TELECHARGER"},"content":{"rendered":"\n<div class=\"wp-block-image\"><figure class=\"aligncenter size-large is-resized\"><img decoding=\"async\" loading=\"lazy\" src=\"http:\/\/www.corpusfabrique.fr\/wp-content\/uploads\/2020\/04\/tutoriaux-2-723x1024.jpg\" alt=\"\" class=\"wp-image-776\" width=\"208\" height=\"294\" srcset=\"https:\/\/www.corpusfabrique.fr\/wp-content\/uploads\/2020\/04\/tutoriaux-2-723x1024.jpg 723w, https:\/\/www.corpusfabrique.fr\/wp-content\/uploads\/2020\/04\/tutoriaux-2-212x300.jpg 212w, https:\/\/www.corpusfabrique.fr\/wp-content\/uploads\/2020\/04\/tutoriaux-2-768x1087.jpg 768w, https:\/\/www.corpusfabrique.fr\/wp-content\/uploads\/2020\/04\/tutoriaux-2.jpg 811w\" sizes=\"(max-width: 208px) 100vw, 208px\" \/><\/figure><\/div>\n\n\n\n<p class=\"has-text-color has-luminous-vivid-orange-color\">Vous d\u00e9couvrirez ici <strong>tutoriels de cr\u00e9ation<\/strong>, il y en a pour tous les go\u00fbts, toutes les envies, tous les talents et tous les \u00e2ges. Ils ne n\u00e9cessitent que tr\u00e8s peu de mat\u00e9riel.<\/p>\n\n\n\n<p>Apr\u00e8s le confinement, vous pourrez d\u00e9poser vos productions \u00e0\nCorpusfabrique ou dans les structures partenaires du projet.<\/p>\n\n\n\n<p>N\u2019h\u00e9sitez pas \u00e0 nous \u00e9crire \u00e0 <a href=\"mailto:corpusfabrique@gmail.com\">corpusfabrique@gmail.com<\/a> pour <strong>partager les photos et vid\u00e9os de vos\nr\u00e9alisations<\/strong>, nous les publierons sur le site et la page Facebook de\nCorpusfabrique.<\/p>\n\n\n\n<p>Nous nous retrouverons \u00e0 l&#8217;automne 2020 pour d\u00e9ambuler ensemble le long du parcours jusqu\u2019au Festival du Solstice. A l\u2019arriv\u00e9e, spectacles, concerts, expositions, barbecue, barbapapas et vide-grenier\u00a0!<\/p>\n\n\n\n<div class=\"wp-block-file\"><a href=\"http:\/\/www.corpusfabrique.fr\/wp-content\/uploads\/2020\/04\/FICHE-Les-sculptures-emmaillotees.pdf\">FICHE <span style=\"color:#cf2e2e\" class=\"tadv-color\">&#8211; Les sculptures emmaillotees<\/span><\/a><a href=\"http:\/\/www.corpusfabrique.fr\/wp-content\/uploads\/2020\/04\/FICHE-Les-sculptures-emmaillotees.pdf\" class=\"wp-block-file__button\" download>T\u00e9l\u00e9charger<\/a><\/div>\n\n\n\n<div class=\"wp-block-file\"><a href=\"http:\/\/www.corpusfabrique.fr\/wp-content\/uploads\/2020\/04\/FICHE-Les-reveries.pdf\">FICHE &#8211; <span style=\"color:#8ed1fc\" class=\"tadv-color\">Les reveries<\/span><\/a><a href=\"http:\/\/www.corpusfabrique.fr\/wp-content\/uploads\/2020\/04\/FICHE-Les-reveries.pdf\" class=\"wp-block-file__button\" download>T\u00e9l\u00e9charger<\/a><\/div>\n\n\n\n<div class=\"wp-block-file\"><a href=\"http:\/\/www.corpusfabrique.fr\/wp-content\/uploads\/2020\/04\/FICHE-Les-constellations-de-me\u0301moires.pdf\">FICHE &#8211; <span style=\"color:#9b51e0\" class=\"tadv-color\">Les constellations de me\u0301moires<\/span><\/a><a href=\"http:\/\/www.corpusfabrique.fr\/wp-content\/uploads\/2020\/04\/FICHE-Les-constellations-de-me\u0301moires.pdf\" class=\"wp-block-file__button\" download>T\u00e9l\u00e9charger<\/a><\/div>\n\n\n\n<div class=\"wp-block-file\"><a href=\"http:\/\/www.corpusfabrique.fr\/wp-content\/uploads\/2020\/04\/FICHE-La-grande-guirlande-de-tissus.pdf\">FICHE &#8211; <span style=\"color:#00d084\" class=\"tadv-color\">La grande guirlande de tissus<\/span><\/a><a href=\"http:\/\/www.corpusfabrique.fr\/wp-content\/uploads\/2020\/04\/FICHE-La-grande-guirlande-de-tissus.pdf\" class=\"wp-block-file__button\" download>T\u00e9l\u00e9charger<\/a><\/div>\n\n\n\n<div class=\"wp-block-file\"><a href=\"http:\/\/www.corpusfabrique.fr\/wp-content\/uploads\/2020\/04\/FICHE-Le-yarn-bombing.pdf\">FICHE &#8211;<span style=\"color:#f78da7\" class=\"tadv-color\"> Le yarn bombing<\/span><\/a><a href=\"http:\/\/www.corpusfabrique.fr\/wp-content\/uploads\/2020\/04\/FICHE-Le-yarn-bombing.pdf\" class=\"wp-block-file__button\" download>T\u00e9l\u00e9charger<\/a><\/div>\n\n\n\n<div class=\"wp-block-file\"><a href=\"http:\/\/www.corpusfabrique.fr\/wp-content\/uploads\/2020\/04\/FICHE-Les-cases-du-jeu-de-loie.pdf\">FICHE &#8211; <span style=\"color:#268479\" class=\"tadv-color\">Les cases du jeu de l&#8217;oie<\/span><\/a><a href=\"http:\/\/www.corpusfabrique.fr\/wp-content\/uploads\/2020\/04\/FICHE-Les-cases-du-jeu-de-loie.pdf\" class=\"wp-block-file__button\" download>T\u00e9l\u00e9charger<\/a><\/div>\n\n\n\n<div class=\"wp-block-file\"><a href=\"http:\/\/www.corpusfabrique.fr\/wp-content\/uploads\/2020\/04\/FICHE-Le-champ-de-pompons.pdf\">FICHE &#8211; <span style=\"color:#ebe543\" class=\"tadv-color\">Le champ de pompons<\/span><\/a><a href=\"http:\/\/www.corpusfabrique.fr\/wp-content\/uploads\/2020\/04\/FICHE-Le-champ-de-pompons.pdf\" class=\"wp-block-file__button\" download>T\u00e9l\u00e9charger<\/a><\/div>\n\n\n\n<div class=\"wp-block-file\"><a href=\"http:\/\/www.corpusfabrique.fr\/wp-content\/uploads\/2020\/04\/GUIDE-TUTO-VOYAGE-IMMOBILE1.pdf\"><span style=\"color:#abb8c3\" class=\"tadv-color\">kit complet voyage immobile 2<\/span><\/a><a href=\"http:\/\/www.corpusfabrique.fr\/wp-content\/uploads\/2020\/04\/GUIDE-TUTO-VOYAGE-IMMOBILE1.pdf\" class=\"wp-block-file__button\" download=\"\">T\u00e9l\u00e9charger<\/a><\/div>\n\n\n\n<p><\/p>\n","protected":false},"excerpt":{"rendered":"<p>Vous d\u00e9couvrirez ici tutoriels de cr\u00e9ation, il y en a pour tous les go\u00fbts, toutes les envies, tous les talents et tous les \u00e2ges. Ils ne n\u00e9cessitent que tr\u00e8s peu de mat\u00e9riel. Apr\u00e8s le confinement, vous pourrez d\u00e9poser vos productions \u00e0 Corpusfabrique ou dans les structures partenaires du projet. N\u2019h\u00e9sitez pas \u00e0 nous \u00e9crire \u00e0 [&hellip;]<\/p>\n","protected":false},"author":1,"featured_media":0,"parent":0,"menu_order":0,"comment_status":"closed","ping_status":"closed","template":"","meta":[],"_links":{"self":[{"href":"https:\/\/www.corpusfabrique.fr\/index.php\/wp-json\/wp\/v2\/pages\/678"}],"collection":[{"href":"https:\/\/www.corpusfabrique.fr\/index.php\/wp-json\/wp\/v2\/pages"}],"about":[{"href":"https:\/\/www.corpusfabrique.fr\/index.php\/wp-json\/wp\/v2\/types\/page"}],"author":[{"embeddable":true,"href":"https:\/\/www.corpusfabrique.fr\/index.php\/wp-json\/wp\/v2\/users\/1"}],"replies":[{"embeddable":true,"href":"https:\/\/www.corpusfabrique.fr\/index.php\/wp-json\/wp\/v2\/comments?post=678"}],"version-history":[{"count":10,"href":"https:\/\/www.corpusfabrique.fr\/index.php\/wp-json\/wp\/v2\/pages\/678\/revisions"}],"predecessor-version":[{"id":815,"href":"https:\/\/www.corpusfabrique.fr\/index.php\/wp-json\/wp\/v2\/pages\/678\/revisions\/815"}],"wp:attachment":[{"href":"https:\/\/www.corpusfabrique.fr\/index.php\/wp-json\/wp\/v2\/media?parent=678"}],"curies":[{"name":"wp","href":"https:\/\/api.w.org\/{rel}","templated":true}]}}