{"id":551,"date":"2020-02-24T10:55:29","date_gmt":"2020-02-24T09:55:29","guid":{"rendered":"http:\/\/www.corpusfabrique.fr\/?page_id=551"},"modified":"2026-03-14T18:00:01","modified_gmt":"2026-03-14T17:00:01","slug":"551-2","status":"publish","type":"page","link":"https:\/\/www.corpusfabrique.fr\/index.php\/551-2\/","title":{"rendered":"QUI SOMMES-NOUS ?"},"content":{"rendered":"\n<p><\/p>\n\n\n\n<blockquote class=\"wp-block-quote has-text-align-left\">\n<p>Depuis mai 2016, l&#8217;association Corpusfabrique est install\u00e9e au rez-de-chauss\u00e9e du pavillon Chaslin, au sein de l\u2019\u00e9tablissement public de sant\u00e9 mentale de Ville-Evrard,dont les services se d\u00e9ploient sur le site de Neuilly-sur-Marne, mais \u00e9galement sur 32 communes de la Seine-Saint-Denis, couvrant une population d\u20191,2 million d\u2019habitants.<\/p>\n\n\n\n<p>CorpusFabrique est un lieu r\u00e9solument ouvert \u00e0 et sur l\u2019h\u00f4pital, un espace de rencontre, de croisement des pratiques et de r\u00e9ciprocit\u00e9. Bien plus qu\u2019un simple lieu d\u2019accueil du collectif, l\u2019h\u00f4pital est un lieu inspirant pour une cr\u00e9ation situ\u00e9e, une ressource pour la Fabrique, tout comme la Fabrique constitue une ressource pour l\u2019h\u00f4pital. Patients, soignants, familles et populations du territoire sont invit\u00e9s \u00e0 prendre une part active aux processus de cr\u00e9ation et de recherche qui la traversent, ainsi qu\u2019\u00e0 la gouvernance de cette communaut\u00e9 humaine de rencontres. Implant\u00e9e \u00e0 Neuilly-sur-Marne, CorpusFabrique est itin\u00e9rante sur d\u2019autres sites (Saint-Denis, Montreuil, Bondy, Bagnolet, Le Pr\u00e9-Saint-Gervais&#8230;). Ce faisant, elle trace des sentiers, cr\u00e9e des passages, des ponts, des circulations, engendrant une plus grande porosit\u00e9 entre l\u2019int\u00e9rieur et l\u2019ext\u00e9rieur, tissant des liens pour r\u00e9inventer le quotidien et contribuant \u00e0 d\u00e9senclaver l\u2019h\u00f4pital et \u00e0 d\u00e9stigmatiser la maladie mentale.<\/p>\n\n\n\n<p>CorpusFabrique est enfin un espace partag\u00e9 et inclusif, o\u00f9 sont accueillies, cohabitent et dialoguent des disciplines, des formes, des approches, des influences et des d\u00e9marches tr\u00e8s diff\u00e9rentes : aussi bien spectaculaires que visuelles, aussi bien d\u2019ici que d\u2019ailleurs, aussi bien confirm\u00e9es qu\u2019\u00e9mergentes, aussi bien professionnelles qu\u2019amateures, aussi bien institu\u00e9es que populaires, aussi bien reconnues que m\u00e9connues ou produites par des minorit\u00e9s ou des marges.La Fabrique se situe ainsi au c\u0153ur des enjeux de reconnaissance et de mise en d\u00e9bat des droits culturels.<\/p>\n<\/blockquote>\n\n\n\n<figure><iframe loading=\"lazy\" width=\"560\" height=\"315\" src=\"https:\/\/peertube.cipherbliss.com\/videos\/embed\/dad8b17c-5cdd-4dea-b5a7-29bf78f59402\" allowfullscreen=\"\"><\/iframe><\/figure>\n","protected":false},"excerpt":{"rendered":"<p>Depuis mai 2016, l&#8217;association Corpusfabrique est install\u00e9e au rez-de-chauss\u00e9e du pavillon Chaslin, au sein de l\u2019\u00e9tablissement public de sant\u00e9 mentale de Ville-Evrard,dont les services se d\u00e9ploient sur le site de Neuilly-sur-Marne, mais \u00e9galement sur 32 communes de la Seine-Saint-Denis, couvrant une population d\u20191,2 million d\u2019habitants. CorpusFabrique est un lieu r\u00e9solument ouvert \u00e0 et sur l\u2019h\u00f4pital, [&hellip;]<\/p>\n","protected":false},"author":1,"featured_media":0,"parent":0,"menu_order":0,"comment_status":"closed","ping_status":"closed","template":"","meta":[],"_links":{"self":[{"href":"https:\/\/www.corpusfabrique.fr\/index.php\/wp-json\/wp\/v2\/pages\/551"}],"collection":[{"href":"https:\/\/www.corpusfabrique.fr\/index.php\/wp-json\/wp\/v2\/pages"}],"about":[{"href":"https:\/\/www.corpusfabrique.fr\/index.php\/wp-json\/wp\/v2\/types\/page"}],"author":[{"embeddable":true,"href":"https:\/\/www.corpusfabrique.fr\/index.php\/wp-json\/wp\/v2\/users\/1"}],"replies":[{"embeddable":true,"href":"https:\/\/www.corpusfabrique.fr\/index.php\/wp-json\/wp\/v2\/comments?post=551"}],"version-history":[{"count":7,"href":"https:\/\/www.corpusfabrique.fr\/index.php\/wp-json\/wp\/v2\/pages\/551\/revisions"}],"predecessor-version":[{"id":1128,"href":"https:\/\/www.corpusfabrique.fr\/index.php\/wp-json\/wp\/v2\/pages\/551\/revisions\/1128"}],"wp:attachment":[{"href":"https:\/\/www.corpusfabrique.fr\/index.php\/wp-json\/wp\/v2\/media?parent=551"}],"curies":[{"name":"wp","href":"https:\/\/api.w.org\/{rel}","templated":true}]}}